{"id":485,"date":"2025-04-14T07:43:10","date_gmt":"2025-04-14T07:43:10","guid":{"rendered":"https:\/\/akdenizmuhendislik.com\/?post_type=product&#038;p=485"},"modified":"2025-08-12T12:55:14","modified_gmt":"2025-08-12T12:55:14","slug":"gaz-alarm-cihazi","status":"publish","type":"product","link":"https:\/\/akdenizmuhendislik.com\/?product=gaz-alarm-cihazi","title":{"rendered":"GAZ ALARM  C\u0130HAZI"},"content":{"rendered":"<p style=\"font-weight: 400;\">Safegas gaz alarm cihaz\u0131, ortam\u0131ndaki patlay\u0131c\u0131, yanan ve tutu\u015fan gazlar\u0131 alg\u0131layabilen (Do\u011falgaz, LPG, Propan, \u00c7akmak gaz\u0131) bir cihazd\u0131r. Bu t\u00fcr tehlikeli gazlar\u0131n alg\u0131lanmas\u0131 durumunda, cihaz sesli ve \u0131\u015f\u0131kl\u0131 uyar\u0131 sa\u011flar. Ayr\u0131ca harici kontaklara sahiptir. Alarm durumunda a\u00e7\u0131lmas\u0131n\u0131 istedi\u011finiz cihazlar\u0131 a\u00e7ar; kapat\u0131lmas\u0131n\u0131 istedi\u011finiz cihazlar\u0131 kapat\u0131r. \u00d6rne\u011fin; gaz ka\u00e7a\u011f\u0131 durumunda devreye girerek bina giri\u015findeki selenoid vanaya sinyal g\u00f6nderir ve binadaki gaz\u0131 otomatik olarak kesip olas\u0131 patlamalar\u0131 engeller. Yan\u0131c\u0131 ve patlay\u0131c\u0131 gazlar\u0131n bulundu\u011fu ortamlarda g\u00fcvenli\u011finizi tam olarak sa\u011flar.<\/p>\n<p style=\"font-weight: 400;\"><b><strong>UYARI:<\/strong><\/b><b><strong>\u00a0<\/strong><\/b>Safegas gaz alarm cihaz\u0131 ev ve benzeri yerler i\u00e7in geli\u015ftirilmi\u015ftir. Sanayi ortamlar\u0131nda (kazan daireleri, \u0131s\u0131 merkezleri vb) kullan\u0131lmaz.<\/p>\n<p style=\"font-weight: 400;\"><b><strong>Alarm Durumunda Yap\u0131lmas\u0131 Gerekenler:<\/strong><\/b><\/p>\n<ul style=\"font-weight: 400;\">\n<li>Kap\u0131 ve pencereleri a\u00e7arak ortam\u0131 havaland\u0131r\u0131n.<\/li>\n<li>Elektrik d\u00fc\u011fmelerine dokunmay\u0131n<\/li>\n<li>Elektrikli hi\u00e7bir cihaz\u0131n fi\u015fini takmay\u0131n, \u00e7\u0131karmay\u0131n.<\/li>\n<li>Gaz\u0131 ana giri\u015f vanas\u0131ndan kapat\u0131n.<\/li>\n<\/ul>\n<p style=\"font-weight: 400;\"><b><strong>Teknik \u00d6zellikler<\/strong><\/b><\/p>\n<table>\n<tbody>\n<tr>\n<td width=\"300\"><b><strong>Giri\u015f Voltaj\u0131<\/strong><\/b><\/td>\n<td width=\"307\">220VAC\u00a050Hz<\/td>\n<\/tr>\n<tr>\n<td width=\"300\"><b><strong>\u00c7\u0131k\u0131\u015f Voltaj\u0131<\/strong><\/b><\/td>\n<td width=\"307\">220VAC<\/td>\n<\/tr>\n<tr>\n<td width=\"300\"><b><strong>G\u00fc\u00e7 T\u00fcketimi<\/strong><\/b><\/td>\n<td width=\"307\">3VA<\/td>\n<\/tr>\n<tr>\n<td width=\"300\"><b><strong>Sens\u00f6r<\/strong><\/b><\/td>\n<td width=\"307\">Yar\u0131iletken<\/td>\n<\/tr>\n<tr>\n<td width=\"300\"><b><strong>Sens\u00f6r \u00d6mr\u00fc<\/strong><\/b><\/td>\n<td width=\"307\">2 Y\u0131l (Ortalama kullan\u0131m oran\u0131na g\u00f6re)<\/td>\n<\/tr>\n<tr>\n<td width=\"300\"><b><strong>Cihaz \u00d6mr\u00fc<\/strong><\/b><\/td>\n<td width=\"307\">10 Y\u0131l (Ortalama kullan\u0131m oran\u0131na g\u00f6re)<\/td>\n<\/tr>\n<tr>\n<td width=\"300\"><b><strong>Sens\u00f6r \u00d6l\u00e7\u00fcm\u00fc<\/strong><\/b><\/td>\n<td width=\"307\">TS EN 50194-1 Standard\u0131<\/td>\n<\/tr>\n<tr>\n<td width=\"300\"><b><strong>Buzzer Ses \u00c7\u0131k\u0131\u015f\u0131<\/strong><\/b><\/td>\n<td width=\"307\">85 dB (minimum)<\/td>\n<\/tr>\n<tr>\n<td width=\"300\"><b><strong>Kalibrasyon S\u00fcresi<\/strong><\/b><\/td>\n<td width=\"307\">60 Saniye<\/td>\n<\/tr>\n<tr>\n<td width=\"300\"><b><strong>Gaz Hacim Oran\u0131<\/strong><\/b><\/td>\n<td width=\"307\">%10 5.000 ppm<\/td>\n<\/tr>\n<tr>\n<td width=\"300\"><b><strong>S\u0131cakl\u0131k<\/strong><\/b><\/td>\n<td width=\"307\">-10\u00b0\u0421 &#8211; 50\u00b0\u0421<\/td>\n<\/tr>\n<tr>\n<td width=\"300\"><b><strong>Nemlilik<\/strong><\/b><\/td>\n<td width=\"307\">%80 (maksimum)<\/td>\n<\/tr>\n<tr>\n<td width=\"300\"><b><strong>\u00d6l\u00e7\u00fcler<\/strong><\/b><\/td>\n<td width=\"307\">108mmX46mmX133mm<\/td>\n<\/tr>\n<tr>\n<td width=\"300\"><b><strong>A\u011f\u0131rl\u0131k<\/strong><\/b><\/td>\n<td width=\"307\">270 gr<\/td>\n<\/tr>\n<\/tbody>\n<\/table>\n<p style=\"font-weight: 400;\"><b><strong>Montaj:<\/strong><\/b>\u00a0Do\u011falgaz i\u00e7in tavandan 5-15 cm a\u015fa\u011f\u0131ya, LPG i\u00e7in yerden 15-25 cm yukar\u0131ya monte ediniz. Yang\u0131n ve g\u00fcvenlik paneline uyumludur.<\/p>\n","protected":false},"excerpt":{"rendered":"<p>Safegas gaz alarm cihaz\u0131, ortam\u0131ndaki patlay\u0131c\u0131, yanan ve tutu\u015fan gazlar\u0131 alg\u0131layabilen gaz alarm cihaz\u0131<\/p>\n","protected":false},"featured_media":524,"comment_status":"open","ping_status":"closed","template":"","meta":{"_coblocks_attr":"","_coblocks_dimensions":"","_coblocks_responsive_height":"","_coblocks_accordion_ie_support":"","_eb_attr":"","hide_page_title":""},"product_brand":[],"product_cat":[25],"product_tag":[],"class_list":{"0":"post-485","1":"product","2":"type-product","3":"status-publish","4":"has-post-thumbnail","6":"product_cat-genel","8":"first","9":"instock","10":"taxable","11":"shipping-taxable","12":"purchasable","13":"product-type-simple"},"jetpack_sharing_enabled":true,"_links":{"self":[{"href":"https:\/\/akdenizmuhendislik.com\/index.php?rest_route=\/wp\/v2\/product\/485","targetHints":{"allow":["GET"]}}],"collection":[{"href":"https:\/\/akdenizmuhendislik.com\/index.php?rest_route=\/wp\/v2\/product"}],"about":[{"href":"https:\/\/akdenizmuhendislik.com\/index.php?rest_route=\/wp\/v2\/types\/product"}],"replies":[{"embeddable":true,"href":"https:\/\/akdenizmuhendislik.com\/index.php?rest_route=%2Fwp%2Fv2%2Fcomments&post=485"}],"wp:featuredmedia":[{"embeddable":true,"href":"https:\/\/akdenizmuhendislik.com\/index.php?rest_route=\/wp\/v2\/media\/524"}],"wp:attachment":[{"href":"https:\/\/akdenizmuhendislik.com\/index.php?rest_route=%2Fwp%2Fv2%2Fmedia&parent=485"}],"wp:term":[{"taxonomy":"product_brand","embeddable":true,"href":"https:\/\/akdenizmuhendislik.com\/index.php?rest_route=%2Fwp%2Fv2%2Fproduct_brand&post=485"},{"taxonomy":"product_cat","embeddable":true,"href":"https:\/\/akdenizmuhendislik.com\/index.php?rest_route=%2Fwp%2Fv2%2Fproduct_cat&post=485"},{"taxonomy":"product_tag","embeddable":true,"href":"https:\/\/akdenizmuhendislik.com\/index.php?rest_route=%2Fwp%2Fv2%2Fproduct_tag&post=485"}],"curies":[{"name":"wp","href":"https:\/\/api.w.org\/{rel}","templated":true}]}}