{"id":520,"date":"2025-08-12T12:49:24","date_gmt":"2025-08-12T12:49:24","guid":{"rendered":"https:\/\/akdenizmuhendislik.com\/?post_type=product&#038;p=520"},"modified":"2025-08-12T12:49:26","modified_gmt":"2025-08-12T12:49:26","slug":"dogalgaz-regulatorleri","status":"publish","type":"product","link":"https:\/\/akdenizmuhendislik.com\/?product=dogalgaz-regulatorleri","title":{"rendered":"DO\u011eALGAZ REG\u00dcLAT\u00d6RLER\u0130"},"content":{"rendered":"<p>Do\u011falgaz bas\u0131n\u00e7 reg\u00fclat\u00f6rleri, end\u00fcstriyel ve evsel kullan\u0131mlar i\u00e7in dizayn edilmi\u015f olup y\u00fcksek kararl\u0131l\u0131\u011fa sahip cihazlard\u0131r. TS 10624 \u2013 TS 11655 standardIna sahip bu reg\u00fclat\u00f6rler; do\u011falgaz, lpg, hava ve di\u011fer a\u015f\u0131nd\u0131r\u0131c\u0131 olmayan gazlar\u0131n bas\u0131nc\u0131n\u0131 d\u00fc\u015f\u00fcr\u00fcp d\u00fczenleyerek br\u00fcl\u00f6r, kombi, ocak vb. cihazlar\u0131 g\u00fcvenle \u00e7al\u0131\u015ft\u0131r\u0131r. Reg\u00fclat\u00f6rlerle birlikte gelen filtre ile gaz hatt\u0131ndaki pislik ve tozlar\u0131 tutarak cihaz\u0131n\u0131za zarar gelmesini engeller. ShutOfflu modellerde; reg\u00fclat\u00f6rle birlikte gelen emniyet kapama sistemi sayesinde reg\u00fclat\u00f6r \u00e7\u0131k\u0131\u015f bas\u0131nc\u0131n\u0131n set edilen bas\u0131n\u00e7 de\u011ferinin alt\u0131na d\u00fc\u015fmesinde (min.) veya \u00fcst\u00fcne \u00e7\u0131kmas\u0131nda (max.) sistemde kullan\u0131lan cihazlar\u0131n g\u00fcvenli\u011fini de sa\u011flar.<\/p>\n","protected":false},"excerpt":{"rendered":"<p>Do\u011falgaz bas\u0131n\u00e7 reg\u00fclat\u00f6rleri<\/p>\n","protected":false},"featured_media":521,"comment_status":"open","ping_status":"closed","template":"","meta":{"_coblocks_attr":"","_coblocks_dimensions":"","_coblocks_responsive_height":"","_coblocks_accordion_ie_support":"","_eb_attr":"","hide_page_title":""},"product_brand":[],"product_cat":[25],"product_tag":[],"class_list":{"0":"post-520","1":"product","2":"type-product","3":"status-publish","4":"has-post-thumbnail","6":"product_cat-genel","8":"first","9":"instock","10":"taxable","11":"shipping-taxable","12":"product-type-simple"},"jetpack_sharing_enabled":true,"_links":{"self":[{"href":"https:\/\/akdenizmuhendislik.com\/index.php?rest_route=\/wp\/v2\/product\/520","targetHints":{"allow":["GET"]}}],"collection":[{"href":"https:\/\/akdenizmuhendislik.com\/index.php?rest_route=\/wp\/v2\/product"}],"about":[{"href":"https:\/\/akdenizmuhendislik.com\/index.php?rest_route=\/wp\/v2\/types\/product"}],"replies":[{"embeddable":true,"href":"https:\/\/akdenizmuhendislik.com\/index.php?rest_route=%2Fwp%2Fv2%2Fcomments&post=520"}],"wp:featuredmedia":[{"embeddable":true,"href":"https:\/\/akdenizmuhendislik.com\/index.php?rest_route=\/wp\/v2\/media\/521"}],"wp:attachment":[{"href":"https:\/\/akdenizmuhendislik.com\/index.php?rest_route=%2Fwp%2Fv2%2Fmedia&parent=520"}],"wp:term":[{"taxonomy":"product_brand","embeddable":true,"href":"https:\/\/akdenizmuhendislik.com\/index.php?rest_route=%2Fwp%2Fv2%2Fproduct_brand&post=520"},{"taxonomy":"product_cat","embeddable":true,"href":"https:\/\/akdenizmuhendislik.com\/index.php?rest_route=%2Fwp%2Fv2%2Fproduct_cat&post=520"},{"taxonomy":"product_tag","embeddable":true,"href":"https:\/\/akdenizmuhendislik.com\/index.php?rest_route=%2Fwp%2Fv2%2Fproduct_tag&post=520"}],"curies":[{"name":"wp","href":"https:\/\/api.w.org\/{rel}","templated":true}]}}