{"id":522,"date":"2025-08-12T12:52:54","date_gmt":"2025-08-12T12:52:54","guid":{"rendered":"https:\/\/akdenizmuhendislik.com\/?post_type=product&#038;p=522"},"modified":"2025-08-12T12:52:56","modified_gmt":"2025-08-12T12:52:56","slug":"dogalgaz-filtre","status":"publish","type":"product","link":"https:\/\/akdenizmuhendislik.com\/?product=dogalgaz-filtre","title":{"rendered":"DO\u011eALGAZ F\u0130LTRE"},"content":{"rendered":"<p>Filtreler tesisattaki gaz\u0131n i\u00e7erebilece\u011fi istenmeyen par\u00e7ac\u0131klar\u0131 ve pisli\u011fi tutarak filtre sonras\u0131 cihazlar\u0131n zarar g\u00f6rmesini engeller.<\/p>\n","protected":false},"excerpt":{"rendered":"<p>Filtreler tesisattaki gaz\u0131n i\u00e7erebilece\u011fi istenmeyen par\u00e7ac\u0131klar\u0131 ve pisli\u011fi tutarak filtre sonras\u0131 cihazlar\u0131n zarar g\u00f6rmesini engeller.<\/p>\n","protected":false},"featured_media":523,"comment_status":"open","ping_status":"closed","template":"","meta":{"_coblocks_attr":"","_coblocks_dimensions":"","_coblocks_responsive_height":"","_coblocks_accordion_ie_support":"","_eb_attr":"","hide_page_title":""},"product_brand":[],"product_cat":[25],"product_tag":[],"class_list":{"0":"post-522","1":"product","2":"type-product","3":"status-publish","4":"has-post-thumbnail","6":"product_cat-genel","8":"first","9":"instock","10":"taxable","11":"shipping-taxable","12":"product-type-simple"},"jetpack_sharing_enabled":true,"_links":{"self":[{"href":"https:\/\/akdenizmuhendislik.com\/index.php?rest_route=\/wp\/v2\/product\/522","targetHints":{"allow":["GET"]}}],"collection":[{"href":"https:\/\/akdenizmuhendislik.com\/index.php?rest_route=\/wp\/v2\/product"}],"about":[{"href":"https:\/\/akdenizmuhendislik.com\/index.php?rest_route=\/wp\/v2\/types\/product"}],"replies":[{"embeddable":true,"href":"https:\/\/akdenizmuhendislik.com\/index.php?rest_route=%2Fwp%2Fv2%2Fcomments&post=522"}],"wp:featuredmedia":[{"embeddable":true,"href":"https:\/\/akdenizmuhendislik.com\/index.php?rest_route=\/wp\/v2\/media\/523"}],"wp:attachment":[{"href":"https:\/\/akdenizmuhendislik.com\/index.php?rest_route=%2Fwp%2Fv2%2Fmedia&parent=522"}],"wp:term":[{"taxonomy":"product_brand","embeddable":true,"href":"https:\/\/akdenizmuhendislik.com\/index.php?rest_route=%2Fwp%2Fv2%2Fproduct_brand&post=522"},{"taxonomy":"product_cat","embeddable":true,"href":"https:\/\/akdenizmuhendislik.com\/index.php?rest_route=%2Fwp%2Fv2%2Fproduct_cat&post=522"},{"taxonomy":"product_tag","embeddable":true,"href":"https:\/\/akdenizmuhendislik.com\/index.php?rest_route=%2Fwp%2Fv2%2Fproduct_tag&post=522"}],"curies":[{"name":"wp","href":"https:\/\/api.w.org\/{rel}","templated":true}]}}