{"id":525,"date":"2025-08-12T12:58:38","date_gmt":"2025-08-12T12:58:38","guid":{"rendered":"https:\/\/akdenizmuhendislik.com\/?post_type=product&#038;p=525"},"modified":"2025-08-12T12:58:40","modified_gmt":"2025-08-12T12:58:40","slug":"dogalgaz-flexi-ocak-baglanti-hortumu","status":"publish","type":"product","link":"https:\/\/akdenizmuhendislik.com\/?product=dogalgaz-flexi-ocak-baglanti-hortumu","title":{"rendered":"Do\u011falgaz Flexi Ocak Ba\u011flant\u0131 Hortumu"},"content":{"rendered":"<h1>Do\u011falgaz Flexi Ocak Ba\u011flant\u0131 Hortumu<\/h1>\n<div>\n<div>\n<p><b>\u00a0Ocak Ba\u011flant\u0131 Flex Hortumu<\/b>\u00a0do\u011falgazl\u0131 ocaklar, end\u00fcstriyel ocaklar, gazl\u0131 f\u0131r\u0131nlar ve do\u011falgaz sobalar\u0131 i\u00e7in ideal bir ba\u011flant\u0131 hortumudur. Do\u011falgaz yak\u0131c\u0131 cihazlar\u0131 ile vana aras\u0131nda g\u00fcvenli ve verimli bir ba\u011flant\u0131 sa\u011flar. Bu hortum,\u00a0<b>paslanmaz \u00e7elik<\/b>\u00a0katmanlardan \u00fcretilmi\u015ftir ve esnek yap\u0131s\u0131yla montaj\u0131 kolayla\u015ft\u0131r\u0131r.<\/p>\n<p><b>Ocak Ba\u011flant\u0131 Taraf\u0131<\/b>: 1\/2&#8243;-DN15 \u00e7ap\u0131nda, paslanmaz \u00e7elik oynar rekorlu<\/p>\n<p><b>Vana Ba\u011flant\u0131 Taraf\u0131<\/b>: 1\/2&#8243;-DN15 \u00e7ap\u0131nda, paslanmaz \u00e7elik sabit erkek nipelli<\/p>\n<p><b>Flex Hortum Boyu<\/b>: 50 cm &#8211; 200 cm<\/p>\n<p><b>Katmanlar<\/b>: Paslanmaz \u00e7elik flex, \u00f6rg\u00fc teli, \u015feffaf ve sar\u0131 uyar\u0131c\u0131 PVC kaplama<\/p>\n<p><b>Malzeme<\/b>: AISI 316L paslanmaz \u00e7elik, EN 14800 standartlar\u0131na uygun<\/p>\n<p><b>Kullan\u0131m<\/b>: Do\u011falgaz, LPG ve di\u011fer gazlarla uyumludur<\/p>\n<p><b>316 L Paslanmaz \u00c7elik \u00d6zelli\u011fi<\/b>: Bu hortum, y\u00fcksek\u00a0<b>korozyon direncine<\/b>\u00a0sahip\u00a0<b>316L paslanmaz \u00e7elik<\/b>\u00a0malzemeden \u00fcretilmi\u015ftir, b\u00f6ylece uzun y\u0131llar boyunca dayan\u0131kl\u0131l\u0131k sa\u011flar. TS EN 14800 standartlar\u0131na uygun \u00fcretimiyle maksimum g\u00fcvenlik ve performans sunar.<\/p>\n<p><b>Esnek Yap\u0131<\/b>: Montaj\u0131 kolay ve bak\u0131m gerektirmez.<\/p>\n<ul>\n<li>\u00a0Evsel Ocaklar<\/li>\n<li>\u00a0Do\u011falgaz Sobalar\u0131<\/li>\n<li>\u00a0Gazl\u0131 F\u0131r\u0131nlar<\/li>\n<li>\u00a0Sanayi Tipi Ocaklar<\/li>\n<li>\u00a0Gazl\u0131 D\u00f6ner Ocaklar\u0131 ve Benmariler<\/li>\n<\/ul>\n<p>Do\u011falgaz flex hortumlar\u0131,\u00a0<b>Gazmer<\/b>\u00a0ve\u00a0<b>\u0130gda\u015f<\/b>\u00a0gibi t\u00fcm yetkili gaz da\u011f\u0131t\u0131m firmalar\u0131 taraf\u0131ndan onayl\u0131d\u0131r. Kullan\u0131m alanlar\u0131 aras\u0131nda; gazl\u0131 pi\u015firme ocaklar\u0131, pasta f\u0131r\u0131nlar\u0131, d\u00f6ner ocaklar\u0131 ve benmariler gibi \u00e7e\u015fitli cihazlar yer al\u0131r.<\/p>\n<\/div>\n<\/div>\n","protected":false},"excerpt":{"rendered":"<h1>Do\u011falgaz Flexi Ocak Ba\u011flant\u0131 Hortumu<\/h1>\n","protected":false},"featured_media":526,"comment_status":"open","ping_status":"closed","template":"","meta":{"_coblocks_attr":"","_coblocks_dimensions":"","_coblocks_responsive_height":"","_coblocks_accordion_ie_support":"","_eb_attr":"","hide_page_title":""},"product_brand":[],"product_cat":[25],"product_tag":[],"class_list":{"0":"post-525","1":"product","2":"type-product","3":"status-publish","4":"has-post-thumbnail","6":"product_cat-genel","8":"first","9":"instock","10":"taxable","11":"shipping-taxable","12":"product-type-simple"},"jetpack_sharing_enabled":true,"_links":{"self":[{"href":"https:\/\/akdenizmuhendislik.com\/index.php?rest_route=\/wp\/v2\/product\/525","targetHints":{"allow":["GET"]}}],"collection":[{"href":"https:\/\/akdenizmuhendislik.com\/index.php?rest_route=\/wp\/v2\/product"}],"about":[{"href":"https:\/\/akdenizmuhendislik.com\/index.php?rest_route=\/wp\/v2\/types\/product"}],"replies":[{"embeddable":true,"href":"https:\/\/akdenizmuhendislik.com\/index.php?rest_route=%2Fwp%2Fv2%2Fcomments&post=525"}],"wp:featuredmedia":[{"embeddable":true,"href":"https:\/\/akdenizmuhendislik.com\/index.php?rest_route=\/wp\/v2\/media\/526"}],"wp:attachment":[{"href":"https:\/\/akdenizmuhendislik.com\/index.php?rest_route=%2Fwp%2Fv2%2Fmedia&parent=525"}],"wp:term":[{"taxonomy":"product_brand","embeddable":true,"href":"https:\/\/akdenizmuhendislik.com\/index.php?rest_route=%2Fwp%2Fv2%2Fproduct_brand&post=525"},{"taxonomy":"product_cat","embeddable":true,"href":"https:\/\/akdenizmuhendislik.com\/index.php?rest_route=%2Fwp%2Fv2%2Fproduct_cat&post=525"},{"taxonomy":"product_tag","embeddable":true,"href":"https:\/\/akdenizmuhendislik.com\/index.php?rest_route=%2Fwp%2Fv2%2Fproduct_tag&post=525"}],"curies":[{"name":"wp","href":"https:\/\/api.w.org\/{rel}","templated":true}]}}