{"id":529,"date":"2025-08-12T13:08:16","date_gmt":"2025-08-12T13:08:16","guid":{"rendered":"https:\/\/akdenizmuhendislik.com\/?post_type=product&#038;p=529"},"modified":"2025-08-12T13:08:18","modified_gmt":"2025-08-12T13:08:18","slug":"dogal-gaz-pirinc-kuresel-vana","status":"publish","type":"product","link":"https:\/\/akdenizmuhendislik.com\/?product=dogal-gaz-pirinc-kuresel-vana","title":{"rendered":"Do\u011fal Gaz Pirin\u00e7 K\u00fcresel Vana"},"content":{"rendered":"<p>K\u00fcresel vanalarda esas eleman, ortas\u0131nda delik bulunan bir k\u00fcredir. Bu k\u00fcrenin 90\u00b0 d\u00f6n\u00fc\u015f\u00fcnde tam a\u00e7\u0131k pozisyondan tam kapal\u0131 poziyona ge\u00e7ilir. K\u00fcresel vanalar \u00e7ok a\u00e7\u0131l\u0131p kapanan veya \u00e7abuk a\u00e7\u0131l\u0131p kapanmas\u0131 istenen yerlerde \u00f6ncelikle kullan\u0131l\u0131rlar.<\/p>\n<p>Avantajlar\u0131, bas\u0131n\u00e7 kay\u0131plar\u0131n\u0131n az olmas\u0131, kolay a\u00e7\u0131l\u0131p kapanmas\u0131, s\u0131zd\u0131rmazl\u0131\u011f\u0131n\u0131n iyi olmas\u0131, hafif olmas\u0131 ve az yer kaplamas\u0131d\u0131r.<\/p>\n<p>S\u0131zd\u0131rmazl\u0131k; k\u00fcrenin s\u0131zd\u0131rmazl\u0131\u011f\u0131 ve milin s\u0131zd\u0131rmazl\u0131\u011f\u0131 olarak iki kademeden olu\u015fur.<\/p>\n","protected":false},"excerpt":{"rendered":"<p>K\u00fcresel vanalarda esas eleman, ortas\u0131nda delik bulunan bir k\u00fcredir. Bu k\u00fcrenin 90\u00b0 d\u00f6n\u00fc\u015f\u00fcnde tam a\u00e7\u0131k pozisyondan tam kapal\u0131 poziyona ge\u00e7ilir. K\u00fcresel vanalar \u00e7ok a\u00e7\u0131l\u0131p kapanan veya \u00e7abuk a\u00e7\u0131l\u0131p kapanmas\u0131 istenen yerlerde \u00f6ncelikle kullan\u0131l\u0131rlar.<\/p>\n<p>Avantajlar\u0131, bas\u0131n\u00e7 kay\u0131plar\u0131n\u0131n az olmas\u0131, kolay a\u00e7\u0131l\u0131p kapanmas\u0131, s\u0131zd\u0131rmazl\u0131\u011f\u0131n\u0131n iyi olmas\u0131, hafif olmas\u0131 ve az yer kaplamas\u0131d\u0131r.<\/p>\n<p>S\u0131zd\u0131rmazl\u0131k; k\u00fcrenin s\u0131zd\u0131rmazl\u0131\u011f\u0131 ve milin s\u0131zd\u0131rmazl\u0131\u011f\u0131 olarak iki kademeden olu\u015fur.<\/p>\n","protected":false},"featured_media":530,"comment_status":"open","ping_status":"closed","template":"","meta":{"_coblocks_attr":"","_coblocks_dimensions":"","_coblocks_responsive_height":"","_coblocks_accordion_ie_support":"","_eb_attr":"","hide_page_title":""},"product_brand":[],"product_cat":[25],"product_tag":[],"class_list":{"0":"post-529","1":"product","2":"type-product","3":"status-publish","4":"has-post-thumbnail","6":"product_cat-genel","8":"first","9":"instock","10":"taxable","11":"shipping-taxable","12":"product-type-simple"},"jetpack_sharing_enabled":true,"_links":{"self":[{"href":"https:\/\/akdenizmuhendislik.com\/index.php?rest_route=\/wp\/v2\/product\/529","targetHints":{"allow":["GET"]}}],"collection":[{"href":"https:\/\/akdenizmuhendislik.com\/index.php?rest_route=\/wp\/v2\/product"}],"about":[{"href":"https:\/\/akdenizmuhendislik.com\/index.php?rest_route=\/wp\/v2\/types\/product"}],"replies":[{"embeddable":true,"href":"https:\/\/akdenizmuhendislik.com\/index.php?rest_route=%2Fwp%2Fv2%2Fcomments&post=529"}],"wp:featuredmedia":[{"embeddable":true,"href":"https:\/\/akdenizmuhendislik.com\/index.php?rest_route=\/wp\/v2\/media\/530"}],"wp:attachment":[{"href":"https:\/\/akdenizmuhendislik.com\/index.php?rest_route=%2Fwp%2Fv2%2Fmedia&parent=529"}],"wp:term":[{"taxonomy":"product_brand","embeddable":true,"href":"https:\/\/akdenizmuhendislik.com\/index.php?rest_route=%2Fwp%2Fv2%2Fproduct_brand&post=529"},{"taxonomy":"product_cat","embeddable":true,"href":"https:\/\/akdenizmuhendislik.com\/index.php?rest_route=%2Fwp%2Fv2%2Fproduct_cat&post=529"},{"taxonomy":"product_tag","embeddable":true,"href":"https:\/\/akdenizmuhendislik.com\/index.php?rest_route=%2Fwp%2Fv2%2Fproduct_tag&post=529"}],"curies":[{"name":"wp","href":"https:\/\/api.w.org\/{rel}","templated":true}]}}