{"id":531,"date":"2025-08-12T13:11:30","date_gmt":"2025-08-12T13:11:30","guid":{"rendered":"https:\/\/akdenizmuhendislik.com\/?post_type=product&#038;p=531"},"modified":"2025-08-12T13:11:33","modified_gmt":"2025-08-12T13:11:33","slug":"dogalgaz-sayaclari","status":"publish","type":"product","link":"https:\/\/akdenizmuhendislik.com\/?product=dogalgaz-sayaclari","title":{"rendered":"DO\u011eALGAZ SAYA\u00c7LARI"},"content":{"rendered":"<div class=\"wpb_text_column wpb_content_element \">\n<div class=\"wpb_wrapper\">\n<h4><strong>Rotarymetre<\/strong><\/h4>\n<\/div>\n<\/div>\n<div class=\"wpb_text_column wpb_content_element \">\n<div class=\"wpb_wrapper\">\n<p>Rotarymetreler geni\u015f \u00f6l\u00e7\u00fcm aral\u0131klar\u0131 ve kompakt boyutlar\u0131 sayesinde ticari ve end\u00fcstriyel uygulamalarda kullan\u0131lan saya\u00e7lard\u0131r. Ayn\u0131 k\u00f6r\u00fckl\u00fc saya\u00e7larda oldu\u011fu gibi rotarymetreler de hacimsel \u00f6l\u00e7\u00fcm yapt\u0131klar\u0131ndan dolay\u0131 saya\u00e7 giri\u015f ve \u00e7\u0131k\u0131\u015flar\u0131nda d\u00fcz boru kullan\u0131lmas\u0131 gerekmez. 16 bar ve 20 barl\u0131k modelleri daha yayg\u0131n kullan\u0131lmakla birlikte 100 barda \u00e7al\u0131\u015fabilen rotarymetreler de bulunmaktad\u0131r.<\/p>\n<\/div>\n<\/div>\n","protected":false},"excerpt":{"rendered":"<div class=\"wpb_text_column wpb_content_element \">\n<div class=\"wpb_wrapper\">\n<h4><strong>Rotarymetre<\/strong><\/h4>\n<\/div>\n<\/div>\n<div class=\"wpb_text_column wpb_content_element \">\n<div class=\"wpb_wrapper\">\n<p>Rotarymetreler geni\u015f \u00f6l\u00e7\u00fcm aral\u0131klar\u0131 ve kompakt boyutlar\u0131 sayesinde ticari ve end\u00fcstriyel uygulamalarda kullan\u0131lan saya\u00e7lard\u0131r. Ayn\u0131 k\u00f6r\u00fckl\u00fc saya\u00e7larda oldu\u011fu gibi rotarymetreler de hacimsel \u00f6l\u00e7\u00fcm yapt\u0131klar\u0131ndan dolay\u0131 saya\u00e7 giri\u015f ve \u00e7\u0131k\u0131\u015flar\u0131nda d\u00fcz boru kullan\u0131lmas\u0131 gerekmez. 16 bar ve 20 barl\u0131k modelleri daha yayg\u0131n kullan\u0131lmakla birlikte 100 barda \u00e7al\u0131\u015fabilen rotarymetreler de bulunmaktad\u0131r.<\/p>\n<\/div>\n<\/div>\n","protected":false},"featured_media":532,"comment_status":"open","ping_status":"closed","template":"","meta":{"_coblocks_attr":"","_coblocks_dimensions":"","_coblocks_responsive_height":"","_coblocks_accordion_ie_support":"","_eb_attr":"","hide_page_title":""},"product_brand":[],"product_cat":[25],"product_tag":[],"class_list":{"0":"post-531","1":"product","2":"type-product","3":"status-publish","4":"has-post-thumbnail","6":"product_cat-genel","8":"first","9":"instock","10":"taxable","11":"shipping-taxable","12":"product-type-simple"},"jetpack_sharing_enabled":true,"_links":{"self":[{"href":"https:\/\/akdenizmuhendislik.com\/index.php?rest_route=\/wp\/v2\/product\/531","targetHints":{"allow":["GET"]}}],"collection":[{"href":"https:\/\/akdenizmuhendislik.com\/index.php?rest_route=\/wp\/v2\/product"}],"about":[{"href":"https:\/\/akdenizmuhendislik.com\/index.php?rest_route=\/wp\/v2\/types\/product"}],"replies":[{"embeddable":true,"href":"https:\/\/akdenizmuhendislik.com\/index.php?rest_route=%2Fwp%2Fv2%2Fcomments&post=531"}],"wp:featuredmedia":[{"embeddable":true,"href":"https:\/\/akdenizmuhendislik.com\/index.php?rest_route=\/wp\/v2\/media\/532"}],"wp:attachment":[{"href":"https:\/\/akdenizmuhendislik.com\/index.php?rest_route=%2Fwp%2Fv2%2Fmedia&parent=531"}],"wp:term":[{"taxonomy":"product_brand","embeddable":true,"href":"https:\/\/akdenizmuhendislik.com\/index.php?rest_route=%2Fwp%2Fv2%2Fproduct_brand&post=531"},{"taxonomy":"product_cat","embeddable":true,"href":"https:\/\/akdenizmuhendislik.com\/index.php?rest_route=%2Fwp%2Fv2%2Fproduct_cat&post=531"},{"taxonomy":"product_tag","embeddable":true,"href":"https:\/\/akdenizmuhendislik.com\/index.php?rest_route=%2Fwp%2Fv2%2Fproduct_tag&post=531"}],"curies":[{"name":"wp","href":"https:\/\/api.w.org\/{rel}","templated":true}]}}